{"id":16,"date":"2022-11-05T07:00:57","date_gmt":"2022-11-05T07:00:57","guid":{"rendered":"https:\/\/vegallomasgaleria.hu\/?page_id=16"},"modified":"2023-05-15T17:34:10","modified_gmt":"2023-05-15T17:34:10","slug":"elementor-16","status":"publish","type":"page","link":"https:\/\/vegallomasgaleria.hu\/","title":{"rendered":"V\u00e9g\u00e1llom\u00e1s Gal\u00e9ria"},"content":{"rendered":"\t\t<div data-elementor-type=\"wp-page\" data-elementor-id=\"16\" class=\"elementor elementor-16\">\n\t\t\t\t\t\t<section class=\"elementor-section elementor-top-section elementor-element elementor-element-a4429c2 elementor-section-full_width elementor-section-height-full elementor-section-content-middle elementor-section-stretched elementor-section-items-stretch elementor-section-height-default\" data-id=\"a4429c2\" data-element_type=\"section\" data-e-type=\"section\" data-settings=\"{&quot;stretch_section&quot;:&quot;section-stretched&quot;,&quot;background_background&quot;:&quot;classic&quot;}\">\n\t\t\t\t\t\t\t<div class=\"elementor-background-overlay\"><\/div>\n\t\t\t\t\t\t\t<div class=\"elementor-container elementor-column-gap-no\">\n\t\t\t\t\t<div class=\"elementor-column elementor-col-100 elementor-top-column elementor-element elementor-element-13401d8\" data-id=\"13401d8\" data-element_type=\"column\" data-e-type=\"column\">\n\t\t\t<div class=\"elementor-widget-wrap elementor-element-populated\">\n\t\t\t\t\t\t<div class=\"elementor-element elementor-element-078a8f2 elementor-invisible elementor-widget elementor-widget-image\" data-id=\"078a8f2\" data-element_type=\"widget\" data-e-type=\"widget\" data-settings=\"{&quot;_animation&quot;:&quot;fadeIn&quot;}\" data-widget_type=\"image.default\">\n\t\t\t\t<div class=\"elementor-widget-container\">\n\t\t\t\t\t\t\t\t\t\t\t\t<figure class=\"wp-caption\">\n\t\t\t\t\t\t\t\t\t\t\t<a href=\"\/index.php\/rolunk\/\">\n\t\t\t\t\t\t\t<img decoding=\"async\" src=\"https:\/\/vegallomasgaleria.hu\/wp-content\/uploads\/2022\/11\/VG_trns_logo_1280.png\" title=\"V\u00e9g\u00e1lom\u00e1s Gal\u00e9ria\" alt=\"V\u00e9g\u00e1llom\u00e1s Gal\u00e9ria transzparens log\u00f3\" loading=\"lazy\" \/>\t\t\t\t\t\t\t\t<\/a>\n\t\t\t\t\t\t\t\t\t\t\t<figcaption class=\"widget-image-caption wp-caption-text\">Bel\u00e9p\u00e9s a\nV\u00e9g\u00e1llom\u00e1s Gal\u00e9ria\noldal\u00e1ra!<\/figcaption>\n\t\t\t\t\t\t\t\t\t\t<\/figure>\n\t\t\t\t\t\t\t\t\t<\/div>\n\t\t\t\t<\/div>\n\t\t\t\t\t<\/div>\n\t\t<\/div>\n\t\t\t\t\t<\/div>\n\t\t<\/section>\n\t\t\t\t<\/div>\n\t\t","protected":false},"excerpt":{"rendered":"<p>Bel\u00e9p\u00e9s a V\u00e9g\u00e1llom\u00e1s Gal\u00e9ria oldal\u00e1ra!<\/p>\n","protected":false},"author":1,"featured_media":0,"parent":0,"menu_order":0,"comment_status":"closed","ping_status":"closed","template":"elementor_canvas","meta":{"footnotes":""},"class_list":["post-16","page","type-page","status-publish"],"_links":{"self":[{"href":"https:\/\/vegallomasgaleria.hu\/index.php\/wp-json\/wp\/v2\/pages\/16","targetHints":{"allow":["GET"]}}],"collection":[{"href":"https:\/\/vegallomasgaleria.hu\/index.php\/wp-json\/wp\/v2\/pages"}],"about":[{"href":"https:\/\/vegallomasgaleria.hu\/index.php\/wp-json\/wp\/v2\/types\/page"}],"author":[{"embeddable":true,"href":"https:\/\/vegallomasgaleria.hu\/index.php\/wp-json\/wp\/v2\/users\/1"}],"replies":[{"embeddable":true,"href":"https:\/\/vegallomasgaleria.hu\/index.php\/wp-json\/wp\/v2\/comments?post=16"}],"version-history":[{"count":109,"href":"https:\/\/vegallomasgaleria.hu\/index.php\/wp-json\/wp\/v2\/pages\/16\/revisions"}],"predecessor-version":[{"id":762,"href":"https:\/\/vegallomasgaleria.hu\/index.php\/wp-json\/wp\/v2\/pages\/16\/revisions\/762"}],"wp:attachment":[{"href":"https:\/\/vegallomasgaleria.hu\/index.php\/wp-json\/wp\/v2\/media?parent=16"}],"curies":[{"name":"wp","href":"https:\/\/api.w.org\/{rel}","templated":true}]}}