{"id":78,"date":"2022-11-05T13:37:52","date_gmt":"2022-11-05T13:37:52","guid":{"rendered":"https:\/\/vegallomasgaleria.hu\/?page_id=78"},"modified":"2022-11-07T01:46:05","modified_gmt":"2022-11-07T01:46:05","slug":"rolunk","status":"publish","type":"page","link":"https:\/\/vegallomasgaleria.hu\/index.php\/rolunk\/","title":{"rendered":"R\u00f3lunk"},"content":{"rendered":"\t\t<div data-elementor-type=\"wp-page\" data-elementor-id=\"78\" class=\"elementor elementor-78\">\n\t\t\t\t\t\t<section class=\"elementor-section elementor-top-section elementor-element elementor-element-1fb6732 elementor-section-content-space-evenly elementor-section-boxed elementor-section-height-default elementor-section-height-default elementor-invisible\" data-id=\"1fb6732\" data-element_type=\"section\" data-e-type=\"section\" data-settings=\"{&quot;animation&quot;:&quot;bounceInDown&quot;}\">\n\t\t\t\t\t\t<div class=\"elementor-container elementor-column-gap-narrow\">\n\t\t\t\t\t<div class=\"elementor-column elementor-col-66 elementor-top-column elementor-element elementor-element-ce18ac1\" data-id=\"ce18ac1\" data-element_type=\"column\" data-e-type=\"column\">\n\t\t\t<div class=\"elementor-widget-wrap elementor-element-populated\">\n\t\t\t\t\t\t<div class=\"elementor-element elementor-element-4589e5f elementor-widget elementor-widget-heading\" data-id=\"4589e5f\" data-element_type=\"widget\" data-e-type=\"widget\" data-widget_type=\"heading.default\">\n\t\t\t\t<div class=\"elementor-widget-container\">\n\t\t\t\t\t<h2 class=\"elementor-heading-title elementor-size-default\">R\u00f3lunk<\/h2>\t\t\t\t<\/div>\n\t\t\t\t<\/div>\n\t\t\t\t<div class=\"elementor-element elementor-element-8979927 elementor-widget elementor-widget-text-editor\" data-id=\"8979927\" data-element_type=\"widget\" data-e-type=\"widget\" data-widget_type=\"text-editor.default\">\n\t\t\t\t<div class=\"elementor-widget-container\">\n\t\t\t\t\t\t\t\t\t<p>C\u00e9g\u00fcnk k\u00f6zel k\u00e9t \u00e9vtizedes m\u0171k\u00f6d\u00e9se folyam\u00e1n, tapasztalt, hozz\u00e1\u00e9rt\u0151 munkat\u00e1rsaival komoly szakmai elismerts\u00e9get szerzett. Kedves r\u00e9gi \u00e9s \u00faj megrendel\u0151inknek k\u00f6sz\u00f6nhet\u0151en komoly referenci\u00e1kkal b\u00edrunk. A min\u0151s\u00e9ggel, a hat\u00e1rid\u0151k pontos betart\u00e1s\u00e1val,\u00fcgyfeleinkhez igazod\u00f3 v\u00e1llal\u00e1si id\u0151vel (ak\u00e1r azonnal is), udvarias kiszolg\u00e1l\u00e1ssal, kreat\u00edv szaktan\u00e1csad\u00e1ssal, el\u00e9rhet\u0151 \u00e1rainkkal, egyre sz\u00e9lesebb vev\u0151k\u00f6rt szolg\u00e1lunk ki.<br \/><br \/>Megalakul\u00e1sunk \u00f3ta az ig\u00e9nyekhez igazodva, folyamatosan b\u0151v\u00edtj\u00fck szolg\u00e1ltat\u00e1saink k\u00f6r\u00e9t.<br \/><br \/>Budapesten az egyik legsz\u00e9lesebb term\u00e9ksk\u00e1l\u00e1t k\u00edn\u00e1ljuk. A legkorszer\u0171bb technika alkalmaz\u00e1s\u00e1nak k\u00f6sz\u00f6nhet\u0151en magas sz\u00ednvonalat \u00e9s kiemelked\u0151 min\u0151s\u00e9get ny\u00fajtva.<\/p>\t\t\t\t\t\t\t\t<\/div>\n\t\t\t\t<\/div>\n\t\t\t\t\t<\/div>\n\t\t<\/div>\n\t\t\t\t<div class=\"elementor-column elementor-col-33 elementor-top-column elementor-element elementor-element-5d8d4dc\" data-id=\"5d8d4dc\" data-element_type=\"column\" data-e-type=\"column\">\n\t\t\t<div class=\"elementor-widget-wrap elementor-element-populated\">\n\t\t\t\t\t\t<div class=\"elementor-element elementor-element-d787ef7 elementor-widget__width-auto elementor-widget elementor-widget-image-gallery\" data-id=\"d787ef7\" data-element_type=\"widget\" data-e-type=\"widget\" data-widget_type=\"image-gallery.default\">\n\t\t\t\t<div class=\"elementor-widget-container\">\n\t\t\t\t\t\t\t<div class=\"elementor-image-gallery\">\n\t\t\t<div id='gallery-1' class='gallery galleryid-78 gallery-columns-2 gallery-size-thumbnail'><figure class='gallery-item'>\n\t\t\t<div class='gallery-icon portrait'>\n\t\t\t\t<a data-elementor-open-lightbox=\"yes\" data-elementor-lightbox-slideshow=\"d787ef7\" data-elementor-lightbox-title=\"A V\u00e9g\u00e1llom\u00e1s Gal\u00e9ria utcafrontja\" data-e-action-hash=\"#elementor-action%3Aaction%3Dlightbox%26settings%3DeyJpZCI6MzI2LCJ1cmwiOiJodHRwczpcL1wvdmVnYWxsb21hc2dhbGVyaWEuaHVcL3dwLWNvbnRlbnRcL3VwbG9hZHNcLzIwMjJcLzExXC9TY3JlZW5zaG90LTIwMjItMTEtMDYtYXQtMjEtNDEtNTgtdmVnYWxsb21hcy1nYWxlcmlhLUdvb2dsZS1TZWFyY2gucG5nIiwic2xpZGVzaG93IjoiZDc4N2VmNyJ9\" href='https:\/\/vegallomasgaleria.hu\/wp-content\/uploads\/2022\/11\/Screenshot-2022-11-06-at-21-41-58-vegallomas-galeria-Google-Search.png'><img decoding=\"async\" width=\"150\" height=\"150\" src=\"https:\/\/vegallomasgaleria.hu\/wp-content\/uploads\/2022\/11\/Screenshot-2022-11-06-at-21-41-58-vegallomas-galeria-Google-Search-150x150.png\" class=\"attachment-thumbnail size-thumbnail\" alt=\"V\u00e9g\u00e1llom\u00e1s Gal\u00e9ria \u00fczlet\" \/><\/a>\n\t\t\t<\/div><\/figure><figure class='gallery-item'>\n\t\t\t<div class='gallery-icon landscape'>\n\t\t\t\t<a data-elementor-open-lightbox=\"yes\" data-elementor-lightbox-slideshow=\"d787ef7\" data-elementor-lightbox-title=\"OLYMPUS DIGITAL CAMERA\" data-e-action-hash=\"#elementor-action%3Aaction%3Dlightbox%26settings%3DeyJpZCI6Mzc4LCJ1cmwiOiJodHRwczpcL1wvdmVnYWxsb21hc2dhbGVyaWEuaHVcL3dwLWNvbnRlbnRcL3VwbG9hZHNcLzIwMjJcLzExXC9QMTAxMDEzMi5qcGciLCJzbGlkZXNob3ciOiJkNzg3ZWY3In0%3D\" href='https:\/\/vegallomasgaleria.hu\/wp-content\/uploads\/2022\/11\/P1010132.jpg'><img decoding=\"async\" width=\"150\" height=\"150\" src=\"https:\/\/vegallomasgaleria.hu\/wp-content\/uploads\/2022\/11\/P1010132-150x150.jpg\" class=\"attachment-thumbnail size-thumbnail\" alt=\"\" \/><\/a>\n\t\t\t<\/div><\/figure><figure class='gallery-item'>\n\t\t\t<div class='gallery-icon landscape'>\n\t\t\t\t<a data-elementor-open-lightbox=\"yes\" data-elementor-lightbox-slideshow=\"d787ef7\" data-elementor-lightbox-title=\"OLYMPUS DIGITAL CAMERA\" data-e-action-hash=\"#elementor-action%3Aaction%3Dlightbox%26settings%3DeyJpZCI6Mzc5LCJ1cmwiOiJodHRwczpcL1wvdmVnYWxsb21hc2dhbGVyaWEuaHVcL3dwLWNvbnRlbnRcL3VwbG9hZHNcLzIwMjJcLzExXC9QMTAxMDEzMy5qcGciLCJzbGlkZXNob3ciOiJkNzg3ZWY3In0%3D\" href='https:\/\/vegallomasgaleria.hu\/wp-content\/uploads\/2022\/11\/P1010133.jpg'><img decoding=\"async\" width=\"150\" height=\"150\" src=\"https:\/\/vegallomasgaleria.hu\/wp-content\/uploads\/2022\/11\/P1010133-150x150.jpg\" class=\"attachment-thumbnail size-thumbnail\" alt=\"\" \/><\/a>\n\t\t\t<\/div><\/figure><figure class='gallery-item'>\n\t\t\t<div class='gallery-icon landscape'>\n\t\t\t\t<a data-elementor-open-lightbox=\"yes\" data-elementor-lightbox-slideshow=\"d787ef7\" data-elementor-lightbox-title=\"OLYMPUS DIGITAL CAMERA\" data-e-action-hash=\"#elementor-action%3Aaction%3Dlightbox%26settings%3DeyJpZCI6MzgwLCJ1cmwiOiJodHRwczpcL1wvdmVnYWxsb21hc2dhbGVyaWEuaHVcL3dwLWNvbnRlbnRcL3VwbG9hZHNcLzIwMjJcLzExXC9QMTAxMDEzNS0xLmpwZyIsInNsaWRlc2hvdyI6ImQ3ODdlZjcifQ%3D%3D\" href='https:\/\/vegallomasgaleria.hu\/wp-content\/uploads\/2022\/11\/P1010135-1.jpg'><img loading=\"lazy\" decoding=\"async\" width=\"150\" height=\"150\" src=\"https:\/\/vegallomasgaleria.hu\/wp-content\/uploads\/2022\/11\/P1010135-1-150x150.jpg\" class=\"attachment-thumbnail size-thumbnail\" alt=\"\" \/><\/a>\n\t\t\t<\/div><\/figure>\n\t\t<\/div>\n\t\t<\/div>\n\t\t\t\t\t\t<\/div>\n\t\t\t\t<\/div>\n\t\t\t\t\t<\/div>\n\t\t<\/div>\n\t\t\t\t\t<\/div>\n\t\t<\/section>\n\t\t\t\t<section class=\"elementor-section elementor-top-section elementor-element elementor-element-6719835 elementor-section-content-space-evenly elementor-reverse-tablet elementor-reverse-mobile elementor-section-boxed elementor-section-height-default elementor-section-height-default elementor-invisible\" data-id=\"6719835\" data-element_type=\"section\" data-e-type=\"section\" data-settings=\"{&quot;animation&quot;:&quot;bounceInUp&quot;}\">\n\t\t\t\t\t\t<div class=\"elementor-container elementor-column-gap-narrow\">\n\t\t\t\t\t<div class=\"elementor-column elementor-col-33 elementor-top-column elementor-element elementor-element-bbf378a\" data-id=\"bbf378a\" data-element_type=\"column\" data-e-type=\"column\">\n\t\t\t<div class=\"elementor-widget-wrap elementor-element-populated\">\n\t\t\t\t\t\t<div class=\"elementor-element elementor-element-0625699 elementor-widget elementor-widget-image-gallery\" data-id=\"0625699\" data-element_type=\"widget\" data-e-type=\"widget\" data-widget_type=\"image-gallery.default\">\n\t\t\t\t<div class=\"elementor-widget-container\">\n\t\t\t\t\t\t\t<div class=\"elementor-image-gallery\">\n\t\t\t<div id='gallery-2' class='gallery galleryid-78 gallery-columns-2 gallery-size-thumbnail'><figure class='gallery-item'>\n\t\t\t<div class='gallery-icon landscape'>\n\t\t\t\t<a data-elementor-open-lightbox=\"yes\" data-elementor-lightbox-slideshow=\"0625699\" data-elementor-lightbox-title=\"cropped-cropped-VG_trns_logo_1920.png\" data-elementor-lightbox-description=\"https:\/\/vegallomasgaleria.hu\/wp-content\/uploads\/2022\/11\/cropped-VG_trns_logo_1920.png\" data-e-action-hash=\"#elementor-action%3Aaction%3Dlightbox%26settings%3DeyJpZCI6NjAsInVybCI6Imh0dHBzOlwvXC92ZWdhbGxvbWFzZ2FsZXJpYS5odVwvd3AtY29udGVudFwvdXBsb2Fkc1wvMjAyMlwvMTFcL2Nyb3BwZWQtY3JvcHBlZC1WR190cm5zX2xvZ29fMTkyMC5wbmciLCJzbGlkZXNob3ciOiIwNjI1Njk5In0%3D\" href='https:\/\/vegallomasgaleria.hu\/wp-content\/uploads\/2022\/11\/cropped-cropped-VG_trns_logo_1920.png'><img loading=\"lazy\" decoding=\"async\" width=\"150\" height=\"150\" src=\"https:\/\/vegallomasgaleria.hu\/wp-content\/uploads\/2022\/11\/cropped-cropped-VG_trns_logo_1920-150x150.png\" class=\"attachment-thumbnail size-thumbnail\" alt=\"\" \/><\/a>\n\t\t\t<\/div><\/figure><figure class='gallery-item'>\n\t\t\t<div class='gallery-icon landscape'>\n\t\t\t\t<a data-elementor-open-lightbox=\"yes\" data-elementor-lightbox-slideshow=\"0625699\" data-elementor-lightbox-title=\"Profilok\" data-elementor-lightbox-description=\"https:\/\/vegallomasgaleria.hu\/wp-content\/uploads\/2022\/11\/cropped-VG_trns_logo_1920.png\" data-e-action-hash=\"#elementor-action%3Aaction%3Dlightbox%26settings%3DeyJpZCI6MzI5LCJ1cmwiOiJodHRwczpcL1wvdmVnYWxsb21hc2dhbGVyaWEuaHVcL3dwLWNvbnRlbnRcL3VwbG9hZHNcLzIwMjJcLzExXC9QMTAxMDEzNS5qcGciLCJzbGlkZXNob3ciOiIwNjI1Njk5In0%3D\" href='https:\/\/vegallomasgaleria.hu\/wp-content\/uploads\/2022\/11\/P1010135.jpg'><img loading=\"lazy\" decoding=\"async\" width=\"150\" height=\"150\" src=\"https:\/\/vegallomasgaleria.hu\/wp-content\/uploads\/2022\/11\/P1010135-150x150.jpg\" class=\"attachment-thumbnail size-thumbnail\" alt=\"A V\u00e9g\u00e1llom\u00e1s Gal\u00e9ri\u00e1ban m\u0171anyag, f\u00e9m \u00e9s fa keretek nagy v\u00e1laszt\u00e9k\u00e1b\u00f3l, k\u00f6zel 3000 f\u00e9le profilb\u00f3l v\u00e1logathatnak.\" \/><\/a>\n\t\t\t<\/div><\/figure><figure class='gallery-item'>\n\t\t\t<div class='gallery-icon landscape'>\n\t\t\t\t<a data-elementor-open-lightbox=\"yes\" data-elementor-lightbox-slideshow=\"0625699\" data-elementor-lightbox-title=\"Profilok\" data-elementor-lightbox-description=\"https:\/\/vegallomasgaleria.hu\/wp-content\/uploads\/2022\/11\/cropped-VG_trns_logo_1920.png\" data-e-action-hash=\"#elementor-action%3Aaction%3Dlightbox%26settings%3DeyJpZCI6Mzc5LCJ1cmwiOiJodHRwczpcL1wvdmVnYWxsb21hc2dhbGVyaWEuaHVcL3dwLWNvbnRlbnRcL3VwbG9hZHNcLzIwMjJcLzExXC9QMTAxMDEzMy5qcGciLCJzbGlkZXNob3ciOiIwNjI1Njk5In0%3D\" href='https:\/\/vegallomasgaleria.hu\/wp-content\/uploads\/2022\/11\/P1010133.jpg'><img decoding=\"async\" width=\"150\" height=\"150\" src=\"https:\/\/vegallomasgaleria.hu\/wp-content\/uploads\/2022\/11\/P1010133-150x150.jpg\" class=\"attachment-thumbnail size-thumbnail\" alt=\"\" \/><\/a>\n\t\t\t<\/div><\/figure><figure class='gallery-item'>\n\t\t\t<div class='gallery-icon landscape'>\n\t\t\t\t<a data-elementor-open-lightbox=\"yes\" data-elementor-lightbox-slideshow=\"0625699\" data-elementor-lightbox-title=\"OLYMPUS DIGITAL CAMERA\" data-elementor-lightbox-description=\"https:\/\/vegallomasgaleria.hu\/wp-content\/uploads\/2022\/11\/cropped-VG_trns_logo_1920.png\" data-e-action-hash=\"#elementor-action%3Aaction%3Dlightbox%26settings%3DeyJpZCI6Mzc4LCJ1cmwiOiJodHRwczpcL1wvdmVnYWxsb21hc2dhbGVyaWEuaHVcL3dwLWNvbnRlbnRcL3VwbG9hZHNcLzIwMjJcLzExXC9QMTAxMDEzMi5qcGciLCJzbGlkZXNob3ciOiIwNjI1Njk5In0%3D\" href='https:\/\/vegallomasgaleria.hu\/wp-content\/uploads\/2022\/11\/P1010132.jpg'><img decoding=\"async\" width=\"150\" height=\"150\" src=\"https:\/\/vegallomasgaleria.hu\/wp-content\/uploads\/2022\/11\/P1010132-150x150.jpg\" class=\"attachment-thumbnail size-thumbnail\" alt=\"\" \/><\/a>\n\t\t\t<\/div><\/figure>\n\t\t<\/div>\n\t\t<\/div>\n\t\t\t\t\t\t<\/div>\n\t\t\t\t<\/div>\n\t\t\t\t\t<\/div>\n\t\t<\/div>\n\t\t\t\t<div class=\"elementor-column elementor-col-66 elementor-top-column elementor-element elementor-element-43865f2\" data-id=\"43865f2\" data-element_type=\"column\" data-e-type=\"column\">\n\t\t\t<div class=\"elementor-widget-wrap elementor-element-populated\">\n\t\t\t\t\t\t<div class=\"elementor-element elementor-element-6992123 elementor-widget elementor-widget-heading\" data-id=\"6992123\" data-element_type=\"widget\" data-e-type=\"widget\" data-widget_type=\"heading.default\">\n\t\t\t\t<div class=\"elementor-widget-container\">\n\t\t\t\t\t<h2 class=\"elementor-heading-title elementor-size-default\">C\u00e9gt\u00f6rt\u00e9net<\/h2>\t\t\t\t<\/div>\n\t\t\t\t<\/div>\n\t\t\t\t<div class=\"elementor-element elementor-element-32a51b9 elementor-widget elementor-widget-text-editor\" data-id=\"32a51b9\" data-element_type=\"widget\" data-e-type=\"widget\" data-widget_type=\"text-editor.default\">\n\t\t\t\t<div class=\"elementor-widget-container\">\n\t\t\t\t\t\t\t\t\t<table border=\"0\" width=\"100%\" cellpadding=\"00\" align=\"left\">\n<tbody>\n<tr>\n<td align=\"left\" valign=\"top\" width=\"40\">1991<\/td>\n<td align=\"left\" valign=\"top\">Megalap\u00edtjuk k\u00e9pkeretez\u00e9ssel \u00e9s ki\u00e1ll\u00edt\u00e1srendez\u00e9ssel foglalkoz\u00f3 c\u00e9g\u00fcnket G D Studio n\u00e9ven Nagykov\u00e1csiban<\/td>\n<\/tr>\n<tr>\n<td align=\"left\" valign=\"top\" width=\"40\">1994<\/td>\n<td align=\"left\" valign=\"top\">L\u00e9trehoztuk a V\u00e9g\u00e1llom\u00e1s Gal\u00e9ri\u00e1t egy \u00e1ltalunk fel\u00faj\u00edtott m\u0171eml\u00e9k \u00e9p\u00fcletben Budapesten, a H\u0171v\u00f6sv\u00f6lgyi villamos v\u00e9g\u00e1llom\u00e1s\u00e1n\u00e1l. Fiatal k\u00e9pz\u0151m\u0171v\u00e9szeknek biztos\u00edtottunk ki\u00e1ll\u00edt\u00e1si lehet\u0151s\u00e9get.<\/td>\n<\/tr>\n<tr>\n<td align=\"left\" valign=\"top\">1997<\/td>\n<td align=\"left\" valign=\"top\">Az Art&#8217; Frames Kft megalakul\u00e1s\u00e1nak \u00e9ve. Hangulatos k\u00e9pkeretez\u0151 m\u0171hely-\u00fczletet nyitottunk Budapesten,a Maros u.9.sz. \u201ealatt\u201d tal\u00e1lhat\u00f3 pinc\u00e9ben,ahol a mai napig is m\u0171k\u00f6d\u00fcnk<\/td>\n<\/tr>\n<tr>\n<td align=\"left\" valign=\"top\">1998<\/td>\n<td align=\"left\" valign=\"top\">Nagy sajn\u00e1latunkra lebontott\u00e1k a V\u00e9g\u00e1llom\u00e1s Gal\u00e9ria \u00e9p\u00fclet\u00e9t,a ki\u00e1ll\u00edt\u00e1sok v\u00e9get \u00e9rnek.<\/td>\n<\/tr>\n<tr>\n<td align=\"left\" valign=\"top\">2000<\/td>\n<td align=\"left\" valign=\"top\">Megnyitottuk m\u00e1sodik boltunkat \u00d3bud\u00e1n a Lajos u. 42.-ben<\/td>\n<\/tr>\n<tr>\n<td align=\"left\" valign=\"top\">2006<\/td>\n<td align=\"left\" valign=\"top\">Tev\u00e9kenys\u00e9g\u00fcnk b\u0151v\u00fcl\u00e9se sor\u00e1n megalap\u00edtottuk a Napkeret Bt.-t, mely kas\u00edroz\u00e1ssal, nyomtat\u00e1ssal \u00e9s k\u00e9pkeretl\u00e9c forgalmaz\u00e1ssal foglalkozik.<\/td>\n<\/tr>\n<tr>\n<td align=\"left\" valign=\"top\">2008<\/td>\n<td align=\"left\" valign=\"top\">Megnyitottuk a <strong><a href=\"http:\/\/www.napkeret.hu\" target=\"_blank\" rel=\"noopener\">Napkeret<\/a><\/strong> \u00f6n\u00e1ll\u00f3 \u00fczlet\u00e9t Budapesten, a Gy\u0151ri \u00fat 2\/b sz\u00e1m\u00fa h\u00e1zban.<\/td>\n<\/tr>\n<tr>\n<td align=\"left\" valign=\"top\">2020<\/td>\n<td align=\"left\" valign=\"top\">Egyes\u00fclt az Art&#8217; Frames Kft. \u00e9s a Napkeret Bt., Veinelt Attila vezet\u00e9s\u00e9vel \u00fczemel a tov\u00e1bbiakban a Maros u. 9. sz\u00e1m alatti \u00fczlet.<\/td>\n<\/tr>\n<\/tbody>\n<\/table>\t\t\t\t\t\t\t\t<\/div>\n\t\t\t\t<\/div>\n\t\t\t\t\t<\/div>\n\t\t<\/div>\n\t\t\t\t\t<\/div>\n\t\t<\/section>\n\t\t\t\t<\/div>\n\t\t","protected":false},"excerpt":{"rendered":"<p>R\u00f3lunk C\u00e9g\u00fcnk k\u00f6zel k\u00e9t \u00e9vtizedes m\u0171k\u00f6d\u00e9se folyam\u00e1n, tapasztalt, hozz\u00e1\u00e9rt\u0151 munkat\u00e1rsaival komoly szakmai elismerts\u00e9get szerzett. Kedves r\u00e9gi \u00e9s \u00faj megrendel\u0151inknek k\u00f6sz\u00f6nhet\u0151en komoly referenci\u00e1kkal b\u00edrunk. A min\u0151s\u00e9ggel, a hat\u00e1rid\u0151k pontos betart\u00e1s\u00e1val,\u00fcgyfeleinkhez igazod\u00f3 v\u00e1llal\u00e1si id\u0151vel (ak\u00e1r azonnal is), udvarias kiszolg\u00e1l\u00e1ssal, kreat\u00edv szaktan\u00e1csad\u00e1ssal, el\u00e9rhet\u0151 \u00e1rainkkal, egyre sz\u00e9lesebb vev\u0151k\u00f6rt szolg\u00e1lunk ki. Megalakul\u00e1sunk \u00f3ta az ig\u00e9nyekhez igazodva, folyamatosan b\u0151v\u00edtj\u00fck szolg\u00e1ltat\u00e1saink k\u00f6r\u00e9t. &#8230; <a title=\"R\u00f3lunk\" class=\"read-more\" href=\"https:\/\/vegallomasgaleria.hu\/index.php\/rolunk\/\" aria-label=\"Tov\u00e1bbiak R\u00f3lunk\">Olvass tov\u00e1bb<\/a><\/p>\n","protected":false},"author":1,"featured_media":0,"parent":0,"menu_order":0,"comment_status":"closed","ping_status":"closed","template":"elementor_header_footer","meta":{"footnotes":""},"class_list":["post-78","page","type-page","status-publish"],"_links":{"self":[{"href":"https:\/\/vegallomasgaleria.hu\/index.php\/wp-json\/wp\/v2\/pages\/78","targetHints":{"allow":["GET"]}}],"collection":[{"href":"https:\/\/vegallomasgaleria.hu\/index.php\/wp-json\/wp\/v2\/pages"}],"about":[{"href":"https:\/\/vegallomasgaleria.hu\/index.php\/wp-json\/wp\/v2\/types\/page"}],"author":[{"embeddable":true,"href":"https:\/\/vegallomasgaleria.hu\/index.php\/wp-json\/wp\/v2\/users\/1"}],"replies":[{"embeddable":true,"href":"https:\/\/vegallomasgaleria.hu\/index.php\/wp-json\/wp\/v2\/comments?post=78"}],"version-history":[{"count":71,"href":"https:\/\/vegallomasgaleria.hu\/index.php\/wp-json\/wp\/v2\/pages\/78\/revisions"}],"predecessor-version":[{"id":494,"href":"https:\/\/vegallomasgaleria.hu\/index.php\/wp-json\/wp\/v2\/pages\/78\/revisions\/494"}],"wp:attachment":[{"href":"https:\/\/vegallomasgaleria.hu\/index.php\/wp-json\/wp\/v2\/media?parent=78"}],"curies":[{"name":"wp","href":"https:\/\/api.w.org\/{rel}","templated":true}]}}